{"id":68,"date":"2021-05-23T15:40:13","date_gmt":"2021-05-23T21:40:13","guid":{"rendered":"https:\/\/www.wltravel.net\/?page_id=68"},"modified":"2021-05-23T22:05:30","modified_gmt":"2021-05-24T04:05:30","slug":"our-benefits","status":"publish","type":"page","link":"https:\/\/www.wltravel.net\/es\/our-benefits\/","title":{"rendered":"Nuestros beneficios"},"content":{"rendered":"<div data-elementor-type=\"wp-page\" data-elementor-id=\"68\" class=\"elementor elementor-68\" data-elementor-post-type=\"page\">\n\t\t\t\t\t\t<section class=\"elementor-section elementor-top-section elementor-element elementor-element-0bb360a elementor-section-boxed elementor-section-height-default elementor-section-height-default\" data-id=\"0bb360a\" data-element_type=\"section\" data-settings=\"{&quot;background_background&quot;:&quot;classic&quot;}\">\n\t\t\t\t\t\t\t<div class=\"elementor-background-overlay\"><\/div>\n\t\t\t\t\t\t\t<div class=\"elementor-container elementor-column-gap-default\">\n\t\t\t\t\t<div class=\"elementor-column elementor-col-100 elementor-top-column elementor-element elementor-element-55cf160\" data-id=\"55cf160\" data-element_type=\"column\">\n\t\t\t<div class=\"elementor-widget-wrap elementor-element-populated\">\n\t\t\t\t\t\t<div class=\"elementor-element elementor-element-ad0a03f elementor-widget elementor-widget-heading\" data-id=\"ad0a03f\" data-element_type=\"widget\" data-widget_type=\"heading.default\">\n\t\t\t\t<div class=\"elementor-widget-container\">\n\t\t\t\t\t<h1 class=\"elementor-heading-title elementor-size-default\">Nuestros beneficios<\/h1>\t\t\t\t<\/div>\n\t\t\t\t<\/div>\n\t\t\t\t<div class=\"elementor-element elementor-element-ce32e5a elementor-widget elementor-widget-text-editor\" data-id=\"ce32e5a\" data-element_type=\"widget\" data-widget_type=\"text-editor.default\">\n\t\t\t\t<div class=\"elementor-widget-container\">\n\t\t\t\t\t\t\t\t\t<p><strong>Flexible, asequible y f\u00e1cil de usar<\/strong><\/p>\t\t\t\t\t\t\t\t<\/div>\n\t\t\t\t<\/div>\n\t\t\t\t\t<\/div>\n\t\t<\/div>\n\t\t\t\t\t<\/div>\n\t\t<\/section>\n\t\t\t\t<section class=\"elementor-section elementor-top-section elementor-element elementor-element-07270d1 elementor-section-boxed elementor-section-height-default elementor-section-height-default\" data-id=\"07270d1\" data-element_type=\"section\">\n\t\t\t\t\t\t<div class=\"elementor-container elementor-column-gap-default\">\n\t\t\t\t\t<div class=\"elementor-column elementor-col-50 elementor-top-column elementor-element elementor-element-c1edbeb\" data-id=\"c1edbeb\" data-element_type=\"column\">\n\t\t\t<div class=\"elementor-widget-wrap elementor-element-populated\">\n\t\t\t\t\t\t<div class=\"elementor-element elementor-element-1c5ff66 elementor-widget elementor-widget-text-editor\" data-id=\"1c5ff66\" data-element_type=\"widget\" data-widget_type=\"text-editor.default\">\n\t\t\t\t<div class=\"elementor-widget-container\">\n\t\t\t\t\t\t\t\t\t<p>\u00bfBusca una experiencia de viaje asequible y personal? No busques m\u00e1s!.<\/p><p>En Wanderlust nuestros experimentados agentes tienen una amplia experiencia y les apasiona lo que hacen. Podemos personalizar paquetes vacacionales que se ajusten a las preferencias de cada viajero o reservar un lugar perfecto.<\/p><p><strong>Conozca todas las ventajas y beneficios de comprar sus viajes con nosotros:<\/strong><\/p><ul><li>Gesti\u00f3n y control de la pol\u00edtica de viajes<\/li><li>Gesti\u00f3n integral de los procesos de viajes corporativos con el acompa\u00f1amiento de<\/li><li>La interfaz gr\u00e1fica directa, intuitiva y personalizada<\/li><li>Herramienta interactiva en tiempo real para el an\u00e1lisis de informes corporativos<\/li><li>Disponibilidad desde cualquier lugar y dispositivo con acceso a Internet<\/li><li>Acceso y gesti\u00f3n de las tasas con un acuerdo corporativo<\/li><li>Aprobaci\u00f3n de viajes a trav\u00e9s de dispositivos m\u00f3viles<\/li><li>Disponibilidad de los servicios ofrecidos por las compa\u00f1\u00edas a\u00e9reas, los hoteles, las solicitudes de transporte. Todo en un solo lugar<\/li><li>Pago autom\u00e1tico con las tarjetas de cr\u00e9dito, d\u00e9bito y corrientes de la empresa<\/li><li>Todos los servicios utilizados se miden y gestionan en cuadros de mando<\/li><li>Reserva central 7\/24<\/li><li>La seguridad del sistema garantiza la confidencialidad e inviolabilidad de la informaci\u00f3n.<\/li><\/ul>\t\t\t\t\t\t\t\t<\/div>\n\t\t\t\t<\/div>\n\t\t\t\t\t<\/div>\n\t\t<\/div>\n\t\t\t\t<div class=\"elementor-column elementor-col-50 elementor-top-column elementor-element elementor-element-414a267\" data-id=\"414a267\" data-element_type=\"column\">\n\t\t\t<div class=\"elementor-widget-wrap elementor-element-populated\">\n\t\t\t\t\t\t<div class=\"elementor-element elementor-element-0ad68bf elementor-widget elementor-widget-image\" data-id=\"0ad68bf\" data-element_type=\"widget\" data-widget_type=\"image.default\">\n\t\t\t\t<div class=\"elementor-widget-container\">\n\t\t\t\t\t\t\t\t\t\t\t\t\t\t\t<img fetchpriority=\"high\" decoding=\"async\" width=\"800\" height=\"594\" src=\"https:\/\/www.wltravel.net\/wp-content\/uploads\/2021\/05\/benefits-text-1.png\" class=\"attachment-large size-large wp-image-265\" alt=\"\" srcset=\"https:\/\/www.wltravel.net\/wp-content\/uploads\/2021\/05\/benefits-text-1.png 832w, https:\/\/www.wltravel.net\/wp-content\/uploads\/2021\/05\/benefits-text-1-300x223.png 300w, https:\/\/www.wltravel.net\/wp-content\/uploads\/2021\/05\/benefits-text-1-768x570.png 768w, https:\/\/www.wltravel.net\/wp-content\/uploads\/2021\/05\/benefits-text-1-16x12.png 16w\" sizes=\"(max-width: 800px) 100vw, 800px\" \/>\t\t\t\t\t\t\t\t\t\t\t\t\t\t\t<\/div>\n\t\t\t\t<\/div>\n\t\t\t\t\t<\/div>\n\t\t<\/div>\n\t\t\t\t\t<\/div>\n\t\t<\/section>\n\t\t\t\t<section class=\"elementor-section elementor-top-section elementor-element elementor-element-08635f2 elementor-section-boxed elementor-section-height-default elementor-section-height-default\" data-id=\"08635f2\" data-element_type=\"section\" data-settings=\"{&quot;background_background&quot;:&quot;classic&quot;}\">\n\t\t\t\t\t\t<div class=\"elementor-container elementor-column-gap-default\">\n\t\t\t\t\t<div class=\"elementor-column elementor-col-100 elementor-top-column elementor-element elementor-element-9714737\" data-id=\"9714737\" data-element_type=\"column\">\n\t\t\t<div class=\"elementor-widget-wrap elementor-element-populated\">\n\t\t\t\t\t\t<div class=\"elementor-element elementor-element-666fa17 elementor-widget elementor-widget-text-editor\" data-id=\"666fa17\" data-element_type=\"widget\" data-widget_type=\"text-editor.default\">\n\t\t\t\t<div class=\"elementor-widget-container\">\n\t\t\t\t\t\t\t\t\t<p>Para saber m\u00e1s sobre nuestras ventajas, no dude en ponerse en contacto con nosotros. Estaremos encantados de atenderle.<\/p>\t\t\t\t\t\t\t\t<\/div>\n\t\t\t\t<\/div>\n\t\t\t\t<div class=\"elementor-element elementor-element-aa62ea7 elementor-align-center elementor-widget elementor-widget-button\" data-id=\"aa62ea7\" data-element_type=\"widget\" data-widget_type=\"button.default\">\n\t\t\t\t<div class=\"elementor-widget-container\">\n\t\t\t\t\t\t\t\t\t<div class=\"elementor-button-wrapper\">\n\t\t\t\t\t<a class=\"elementor-button elementor-button-link elementor-size-sm\" href=\"https:\/\/www.wltravel.net\/es\/contact-us\/\">\n\t\t\t\t\t\t<span class=\"elementor-button-content-wrapper\">\n\t\t\t\t\t\t\t\t\t<span class=\"elementor-button-text\">Cont\u00e1ctenos<\/span>\n\t\t\t\t\t<\/span>\n\t\t\t\t\t<\/a>\n\t\t\t\t<\/div>\n\t\t\t\t\t\t\t\t<\/div>\n\t\t\t\t<\/div>\n\t\t\t\t\t<\/div>\n\t\t<\/div>\n\t\t\t\t\t<\/div>\n\t\t<\/section>\n\t\t\t\t<\/div>","protected":false},"excerpt":{"rendered":"<p>Our Benefits Flexible, Affordable, &amp; Easy-to-use Are you looking for an affordable, personal travel experience? Look no further!. At Wanderlust our experienced agents have vast experience and are passionate about what they do. We can customize vacation packages to match every traveler&#8217;s preferences or book a perfect place. Get to know all the advantages and [&hellip;]<\/p>","protected":false},"author":1,"featured_media":0,"parent":0,"menu_order":0,"comment_status":"closed","ping_status":"closed","template":"","meta":{"footnotes":""},"class_list":["post-68","page","type-page","status-publish","hentry"],"_links":{"self":[{"href":"https:\/\/www.wltravel.net\/es\/wp-json\/wp\/v2\/pages\/68","targetHints":{"allow":["GET"]}}],"collection":[{"href":"https:\/\/www.wltravel.net\/es\/wp-json\/wp\/v2\/pages"}],"about":[{"href":"https:\/\/www.wltravel.net\/es\/wp-json\/wp\/v2\/types\/page"}],"author":[{"embeddable":true,"href":"https:\/\/www.wltravel.net\/es\/wp-json\/wp\/v2\/users\/1"}],"replies":[{"embeddable":true,"href":"https:\/\/www.wltravel.net\/es\/wp-json\/wp\/v2\/comments?post=68"}],"version-history":[{"count":10,"href":"https:\/\/www.wltravel.net\/es\/wp-json\/wp\/v2\/pages\/68\/revisions"}],"predecessor-version":[{"id":271,"href":"https:\/\/www.wltravel.net\/es\/wp-json\/wp\/v2\/pages\/68\/revisions\/271"}],"wp:attachment":[{"href":"https:\/\/www.wltravel.net\/es\/wp-json\/wp\/v2\/media?parent=68"}],"curies":[{"name":"wp","href":"https:\/\/api.w.org\/{rel}","templated":true}]}}