{"id":64,"date":"2021-05-23T21:19:46","date_gmt":"2021-05-24T03:19:46","guid":{"rendered":"https:\/\/www.wltravel.net\/?page_id=64"},"modified":"2021-05-23T23:26:57","modified_gmt":"2021-05-24T05:26:57","slug":"services","status":"publish","type":"page","link":"https:\/\/www.wltravel.net\/es\/services\/","title":{"rendered":"Servicios"},"content":{"rendered":"<div data-elementor-type=\"wp-page\" data-elementor-id=\"64\" class=\"elementor elementor-64\" data-elementor-post-type=\"page\">\n\t\t\t\t\t\t<section class=\"elementor-section elementor-top-section elementor-element elementor-element-70b611f9 elementor-section-boxed elementor-section-height-default elementor-section-height-default elementor-invisible\" data-id=\"70b611f9\" data-element_type=\"section\" data-settings=\"{&quot;background_background&quot;:&quot;classic&quot;,&quot;background_motion_fx_motion_fx_scrolling&quot;:&quot;yes&quot;,&quot;animation&quot;:&quot;fadeIn&quot;,&quot;background_motion_fx_devices&quot;:[&quot;desktop&quot;,&quot;tablet&quot;,&quot;mobile&quot;]}\">\n\t\t\t\t\t\t\t<div class=\"elementor-background-overlay\"><\/div>\n\t\t\t\t\t\t\t<div class=\"elementor-container elementor-column-gap-default\">\n\t\t\t\t\t<div class=\"elementor-column elementor-col-100 elementor-top-column elementor-element elementor-element-16886cf4\" data-id=\"16886cf4\" data-element_type=\"column\">\n\t\t\t<div class=\"elementor-widget-wrap elementor-element-populated\">\n\t\t\t\t\t\t<div class=\"elementor-element elementor-element-172d2454 animated-slow elementor-invisible elementor-widget elementor-widget-heading\" data-id=\"172d2454\" data-element_type=\"widget\" data-settings=\"{&quot;_animation&quot;:&quot;fadeInUp&quot;}\" data-widget_type=\"heading.default\">\n\t\t\t\t<div class=\"elementor-widget-container\">\n\t\t\t\t\t<h1 class=\"elementor-heading-title elementor-size-default\">Servicios<\/h1>\t\t\t\t<\/div>\n\t\t\t\t<\/div>\n\t\t\t\t<div class=\"elementor-element elementor-element-d834de6 elementor-widget elementor-widget-text-editor\" data-id=\"d834de6\" data-element_type=\"widget\" data-widget_type=\"text-editor.default\">\n\t\t\t\t<div class=\"elementor-widget-container\">\n\t\t\t\t\t\t\t\t\t<p><strong>Cada persona tiene sus intereses particulares a la hora de viajar. Explore estas secciones para descubrir la propuesta perfecta para usted<\/strong><\/p>\t\t\t\t\t\t\t\t<\/div>\n\t\t\t\t<\/div>\n\t\t\t\t\t<\/div>\n\t\t<\/div>\n\t\t\t\t\t<\/div>\n\t\t<\/section>\n\t\t\t\t<section class=\"elementor-section elementor-top-section elementor-element elementor-element-487b459b elementor-section-boxed elementor-section-height-default elementor-section-height-default\" data-id=\"487b459b\" data-element_type=\"section\" data-settings=\"{&quot;background_background&quot;:&quot;classic&quot;}\">\n\t\t\t\t\t\t<div class=\"elementor-container elementor-column-gap-default\">\n\t\t\t\t\t<div class=\"elementor-column elementor-col-100 elementor-top-column elementor-element elementor-element-13ac3a96\" data-id=\"13ac3a96\" data-element_type=\"column\">\n\t\t\t<div class=\"elementor-widget-wrap elementor-element-populated\">\n\t\t\t\t\t\t<div class=\"elementor-element elementor-element-3d43b3ae elementor-invisible elementor-widget elementor-widget-heading\" data-id=\"3d43b3ae\" data-element_type=\"widget\" data-settings=\"{&quot;_animation&quot;:&quot;fadeIn&quot;}\" data-widget_type=\"heading.default\">\n\t\t\t\t<div class=\"elementor-widget-container\">\n\t\t\t\t\t<h2 class=\"elementor-heading-title elementor-size-default\">Explora con nosotros<\/h2>\t\t\t\t<\/div>\n\t\t\t\t<\/div>\n\t\t\t\t<div class=\"elementor-element elementor-element-83b7ae3 elementor-invisible elementor-widget elementor-widget-heading\" data-id=\"83b7ae3\" data-element_type=\"widget\" data-settings=\"{&quot;_animation&quot;:&quot;fadeIn&quot;,&quot;_animation_delay&quot;:150}\" data-widget_type=\"heading.default\">\n\t\t\t\t<div class=\"elementor-widget-container\">\n\t\t\t\t\t<div class=\"elementor-heading-title elementor-size-default\">Ofrecemos las soluciones de viaje m\u00e1s completas y asequibles de la web. Con Wanderlust Travel, puedes conseguir las mejores ofertas de vuelos, hoteles, coches de alquiler, cruceros y paquetes vacacionales, y mucho m\u00e1s en un solo lugar.<\/div>\t\t\t\t<\/div>\n\t\t\t\t<\/div>\n\t\t\t\t<section class=\"elementor-section elementor-inner-section elementor-element elementor-element-1c026bdc elementor-section-full_width elementor-section-height-default elementor-section-height-default\" data-id=\"1c026bdc\" data-element_type=\"section\">\n\t\t\t\t\t\t<div class=\"elementor-container elementor-column-gap-no\">\n\t\t\t\t\t<div class=\"elementor-column elementor-col-33 elementor-inner-column elementor-element elementor-element-58a34127 elementor-invisible\" data-id=\"58a34127\" data-element_type=\"column\" data-settings=\"{&quot;background_background&quot;:&quot;classic&quot;,&quot;animation&quot;:&quot;fadeIn&quot;}\">\n\t\t\t<div class=\"elementor-widget-wrap elementor-element-populated\">\n\t\t\t\t\t\t<div class=\"elementor-element elementor-element-40892fc4 elementor-widget__width-auto elementor-invisible elementor-widget elementor-widget-heading\" data-id=\"40892fc4\" data-element_type=\"widget\" data-settings=\"{&quot;_animation&quot;:&quot;fadeIn&quot;}\" data-widget_type=\"heading.default\">\n\t\t\t\t<div class=\"elementor-widget-container\">\n\t\t\t\t\t<div class=\"elementor-heading-title elementor-size-default\">1<\/div>\t\t\t\t<\/div>\n\t\t\t\t<\/div>\n\t\t\t\t<div class=\"elementor-element elementor-element-3a2ff8ed elementor-invisible elementor-widget elementor-widget-heading\" data-id=\"3a2ff8ed\" data-element_type=\"widget\" data-settings=\"{&quot;_animation&quot;:&quot;fadeIn&quot;}\" data-widget_type=\"heading.default\">\n\t\t\t\t<div class=\"elementor-widget-container\">\n\t\t\t\t\t<h3 class=\"elementor-heading-title elementor-size-default\">Viajes personalizados\n<\/h3>\t\t\t\t<\/div>\n\t\t\t\t<\/div>\n\t\t\t\t<div class=\"elementor-element elementor-element-52dc8cb6 elementor-invisible elementor-widget elementor-widget-text-editor\" data-id=\"52dc8cb6\" data-element_type=\"widget\" data-settings=\"{&quot;_animation&quot;:&quot;fadeIn&quot;}\" data-widget_type=\"text-editor.default\">\n\t\t\t\t<div class=\"elementor-widget-container\">\n\t\t\t\t\t\t\t\t\t<p>Wanderlust ofrece varias experiencias, desde nuestros recorridos est\u00e1ndar y econ\u00f3micos hasta excursiones para aquellos con gustos m\u00e1s lujosos. Todos estos destinos \u00fanicos se personalizan s\u00f3lo para usted. Organizaremos su viaje a medida seg\u00fan sus preferencias y deseos. Nuestro equipo cuenta con profesionales id\u00f3neos en turismo multiling\u00fce (alem\u00e1n, ingl\u00e9s, franc\u00e9s y espa\u00f1ol) que le asesorar\u00e1n en cada detalle de su viaje a trav\u00e9s de un contacto permanente.<\/p>\t\t\t\t\t\t\t\t<\/div>\n\t\t\t\t<\/div>\n\t\t\t\t\t<\/div>\n\t\t<\/div>\n\t\t\t\t<div class=\"elementor-column elementor-col-33 elementor-inner-column elementor-element elementor-element-110343e elementor-invisible\" data-id=\"110343e\" data-element_type=\"column\" data-settings=\"{&quot;background_background&quot;:&quot;classic&quot;,&quot;animation&quot;:&quot;fadeIn&quot;}\">\n\t\t\t<div class=\"elementor-widget-wrap elementor-element-populated\">\n\t\t\t\t\t\t<div class=\"elementor-element elementor-element-da4f667 elementor-widget__width-auto elementor-invisible elementor-widget elementor-widget-heading\" data-id=\"da4f667\" data-element_type=\"widget\" data-settings=\"{&quot;_animation&quot;:&quot;fadeIn&quot;}\" data-widget_type=\"heading.default\">\n\t\t\t\t<div class=\"elementor-widget-container\">\n\t\t\t\t\t<div class=\"elementor-heading-title elementor-size-default\">2<\/div>\t\t\t\t<\/div>\n\t\t\t\t<\/div>\n\t\t\t\t<div class=\"elementor-element elementor-element-c0d1c80 elementor-invisible elementor-widget elementor-widget-heading\" data-id=\"c0d1c80\" data-element_type=\"widget\" data-settings=\"{&quot;_animation&quot;:&quot;fadeIn&quot;}\" data-widget_type=\"heading.default\">\n\t\t\t\t<div class=\"elementor-widget-container\">\n\t\t\t\t\t<h3 class=\"elementor-heading-title elementor-size-default\">Viajes de negocios\n<\/h3>\t\t\t\t<\/div>\n\t\t\t\t<\/div>\n\t\t\t\t<div class=\"elementor-element elementor-element-291f0c3 elementor-invisible elementor-widget elementor-widget-text-editor\" data-id=\"291f0c3\" data-element_type=\"widget\" data-settings=\"{&quot;_animation&quot;:&quot;fadeIn&quot;}\" data-widget_type=\"text-editor.default\">\n\t\t\t\t<div class=\"elementor-widget-container\">\n\t\t\t\t\t\t\t\t\t<p>Organizaci\u00f3n de sus viajes de negocios y convenciones. Para todos sus viajes de negocios cercanos y lejanos, encuentre los accesorios y las tecnolog\u00edas perfectas que pueda necesitar para diferenciarse de la competencia.<\/p><ul><li>Un equipo de consultores especialmente asignado a cada cuenta.<\/li><li>Designamos a un directivo y a un adjunto para garantizar a todos nuestros clientes un interlocutor personalizado las 24 horas del d\u00eda.<\/li><li>Diagramamos y aplicamos una pol\u00edtica de viajes para su empresa: adaptada a sus necesidades para reducir sus costes y mejorar la calidad del servicio.<\/li><li>Preparamos todos los informes de gesti\u00f3n de la producci\u00f3n: necesarios y seg\u00fan su pol\u00edtica de viajes.<\/li><\/ul>\t\t\t\t\t\t\t\t<\/div>\n\t\t\t\t<\/div>\n\t\t\t\t\t<\/div>\n\t\t<\/div>\n\t\t\t\t<div class=\"elementor-column elementor-col-33 elementor-inner-column elementor-element elementor-element-593eb69 elementor-invisible\" data-id=\"593eb69\" data-element_type=\"column\" data-settings=\"{&quot;background_background&quot;:&quot;classic&quot;,&quot;animation&quot;:&quot;fadeIn&quot;}\">\n\t\t\t<div class=\"elementor-widget-wrap elementor-element-populated\">\n\t\t\t\t\t\t<div class=\"elementor-element elementor-element-659b656 elementor-widget__width-auto elementor-invisible elementor-widget elementor-widget-heading\" data-id=\"659b656\" data-element_type=\"widget\" data-settings=\"{&quot;_animation&quot;:&quot;fadeIn&quot;}\" data-widget_type=\"heading.default\">\n\t\t\t\t<div class=\"elementor-widget-container\">\n\t\t\t\t\t<div class=\"elementor-heading-title elementor-size-default\">1<\/div>\t\t\t\t<\/div>\n\t\t\t\t<\/div>\n\t\t\t\t<div class=\"elementor-element elementor-element-d1145f2 elementor-invisible elementor-widget elementor-widget-heading\" data-id=\"d1145f2\" data-element_type=\"widget\" data-settings=\"{&quot;_animation&quot;:&quot;fadeIn&quot;}\" data-widget_type=\"heading.default\">\n\t\t\t\t<div class=\"elementor-widget-container\">\n\t\t\t\t\t<h3 class=\"elementor-heading-title elementor-size-default\">Operadores tur\u00edsticos<\/h3>\t\t\t\t<\/div>\n\t\t\t\t<\/div>\n\t\t\t\t<div class=\"elementor-element elementor-element-ff84ea7 elementor-invisible elementor-widget elementor-widget-text-editor\" data-id=\"ff84ea7\" data-element_type=\"widget\" data-settings=\"{&quot;_animation&quot;:&quot;fadeIn&quot;}\" data-widget_type=\"text-editor.default\">\n\t\t\t\t<div class=\"elementor-widget-container\">\n\t\t\t\t\t\t\t\t\t<p>El operador tur\u00edstico de Wanderlust Travel ofrece varios paquetes que se adaptan a sus diversas necesidades, y tenemos una soluci\u00f3n para todos los viajeros. Nuestros expertos en viajes est\u00e1n aqu\u00ed para ayudarle a planificar sus vacaciones de principio a fin. En cada uno de estos destinos se han seleccionado cuidadosamente los mejores proveedores. Adem\u00e1s, los vol\u00famenes negociados y la continuidad de nuestras relaciones con los proveedores nos permiten obtener las mejores tarifas y condiciones.<\/p>\t\t\t\t\t\t\t\t<\/div>\n\t\t\t\t<\/div>\n\t\t\t\t\t<\/div>\n\t\t<\/div>\n\t\t\t\t\t<\/div>\n\t\t<\/section>\n\t\t\t\t\t<\/div>\n\t\t<\/div>\n\t\t\t\t\t<\/div>\n\t\t<\/section>\n\t\t\t\t<\/div>","protected":false},"excerpt":{"rendered":"<p>Services Everyone has their particular interests when traveling. Explore these sections to discover the perfect proposal for you Explore with Us We offer the most comprehensive and affordable travel solutions on the web. With Wanderlust Travel, you can get the best book flights, hotels, rental cars, cruises, and vacation packages deals, and more in just [&hellip;]<\/p>","protected":false},"author":1,"featured_media":0,"parent":0,"menu_order":0,"comment_status":"closed","ping_status":"closed","template":"","meta":{"footnotes":""},"class_list":["post-64","page","type-page","status-publish","hentry"],"_links":{"self":[{"href":"https:\/\/www.wltravel.net\/es\/wp-json\/wp\/v2\/pages\/64","targetHints":{"allow":["GET"]}}],"collection":[{"href":"https:\/\/www.wltravel.net\/es\/wp-json\/wp\/v2\/pages"}],"about":[{"href":"https:\/\/www.wltravel.net\/es\/wp-json\/wp\/v2\/types\/page"}],"author":[{"embeddable":true,"href":"https:\/\/www.wltravel.net\/es\/wp-json\/wp\/v2\/users\/1"}],"replies":[{"embeddable":true,"href":"https:\/\/www.wltravel.net\/es\/wp-json\/wp\/v2\/comments?post=64"}],"version-history":[{"count":10,"href":"https:\/\/www.wltravel.net\/es\/wp-json\/wp\/v2\/pages\/64\/revisions"}],"predecessor-version":[{"id":308,"href":"https:\/\/www.wltravel.net\/es\/wp-json\/wp\/v2\/pages\/64\/revisions\/308"}],"wp:attachment":[{"href":"https:\/\/www.wltravel.net\/es\/wp-json\/wp\/v2\/media?parent=64"}],"curies":[{"name":"wp","href":"https:\/\/api.w.org\/{rel}","templated":true}]}}