{"id":62,"date":"2021-05-23T15:38:26","date_gmt":"2021-05-23T21:38:26","guid":{"rendered":"https:\/\/www.wltravel.net\/?page_id=62"},"modified":"2021-05-23T23:25:37","modified_gmt":"2021-05-24T05:25:37","slug":"about","status":"publish","type":"page","link":"https:\/\/www.wltravel.net\/es\/acerca-de\/","title":{"rendered":"Acerca de"},"content":{"rendered":"<div data-elementor-type=\"wp-page\" data-elementor-id=\"62\" class=\"elementor elementor-62\" data-elementor-post-type=\"page\">\n\t\t\t\t\t\t<section class=\"elementor-section elementor-top-section elementor-element elementor-element-581fae7 elementor-section-boxed elementor-section-height-default elementor-section-height-default\" data-id=\"581fae7\" data-element_type=\"section\" data-settings=\"{&quot;background_background&quot;:&quot;classic&quot;}\">\n\t\t\t\t\t\t\t<div class=\"elementor-background-overlay\"><\/div>\n\t\t\t\t\t\t\t<div class=\"elementor-container elementor-column-gap-default\">\n\t\t\t\t\t<div class=\"elementor-column elementor-col-100 elementor-top-column elementor-element elementor-element-a896b42\" data-id=\"a896b42\" data-element_type=\"column\">\n\t\t\t<div class=\"elementor-widget-wrap elementor-element-populated\">\n\t\t\t\t\t\t<div class=\"elementor-element elementor-element-3cadf1c elementor-widget elementor-widget-heading\" data-id=\"3cadf1c\" data-element_type=\"widget\" data-widget_type=\"heading.default\">\n\t\t\t\t<div class=\"elementor-widget-container\">\n\t\t\t\t\t<h1 class=\"elementor-heading-title elementor-size-default\">Acerca de nosotros<\/h1>\t\t\t\t<\/div>\n\t\t\t\t<\/div>\n\t\t\t\t\t<\/div>\n\t\t<\/div>\n\t\t\t\t\t<\/div>\n\t\t<\/section>\n\t\t\t\t<section class=\"elementor-section elementor-top-section elementor-element elementor-element-67c23c5 elementor-section-boxed elementor-section-height-default elementor-section-height-default\" data-id=\"67c23c5\" data-element_type=\"section\" data-settings=\"{&quot;background_background&quot;:&quot;classic&quot;}\">\n\t\t\t\t\t\t<div class=\"elementor-container elementor-column-gap-no\">\n\t\t\t\t\t<div class=\"elementor-column elementor-col-50 elementor-top-column elementor-element elementor-element-5284e838\" data-id=\"5284e838\" data-element_type=\"column\">\n\t\t\t<div class=\"elementor-widget-wrap elementor-element-populated\">\n\t\t\t\t\t\t<section class=\"elementor-section elementor-inner-section elementor-element elementor-element-12f2ffb6 elementor-section-boxed elementor-section-height-default elementor-section-height-default\" data-id=\"12f2ffb6\" data-element_type=\"section\">\n\t\t\t\t\t\t<div class=\"elementor-container elementor-column-gap-no\">\n\t\t\t\t\t<div class=\"elementor-column elementor-col-100 elementor-inner-column elementor-element elementor-element-22cc5ee\" data-id=\"22cc5ee\" data-element_type=\"column\">\n\t\t\t<div class=\"elementor-widget-wrap elementor-element-populated\">\n\t\t\t\t\t\t<div class=\"elementor-element elementor-element-38dc38f elementor-widget elementor-widget-heading\" data-id=\"38dc38f\" data-element_type=\"widget\" data-widget_type=\"heading.default\">\n\t\t\t\t<div class=\"elementor-widget-container\">\n\t\t\t\t\t<h2 class=\"elementor-heading-title elementor-size-default\">Wanderlust Travel<\/h2>\t\t\t\t<\/div>\n\t\t\t\t<\/div>\n\t\t\t\t<div class=\"elementor-element elementor-element-3a64423f elementor-invisible elementor-widget elementor-widget-text-editor\" data-id=\"3a64423f\" data-element_type=\"widget\" data-settings=\"{&quot;_animation&quot;:&quot;fadeIn&quot;}\" data-widget_type=\"text-editor.default\">\n\t\t\t\t<div class=\"elementor-widget-container\">\n\t\t\t\t\t\t\t\t\t<p>Es una empresa de Viajes Anita. Nos sentimos orgullosos de liderar empresas tur\u00edsticas, tanto en la venta de billetes a\u00e9reos como en programas nacionales e internacionales. Tenemos m\u00e1s de 40 a\u00f1os de experiencia.<\/p><p>Nuestra empresa se compromete a ofrecer el mejor servicio al cliente. Le daremos la mejor informaci\u00f3n para que decida la ruta donde ir y qu\u00e9 hacer cuando llegue.<\/p><p>Wanderlust es un proveedor l\u00edder de servicios de viajes y turismo. Ofrecemos acceso a algunos de los destinos m\u00e1s populares del mundo, con m\u00e1s de 1.000 vuelos al d\u00eda y m\u00e1s de 200 destinos en 29 pa\u00edses. Como una de las mayores agencias de viajes online del mundo, Wanderlust ofrece excelentes ofertas en vuelos, hoteles y paquetes vacacionales.<\/p><p>Con Wanderlust a su lado, viajar es un juego de ni\u00f1os. Deja que nuestros expertos agentes te informen sobre los mejores destinos, planifiquen tu itinerario en funci\u00f3n de tu agenda y se encarguen de todos los detalles antes de volar.<\/p><p>Elija la opci\u00f3n correcta en los viajes. Nosotros podemos ayudarle. Reserve viajes de \u00faltima hora, encuentre destinos asequibles y explore el mundo con nosotros. P\u00f3ngase en contacto con nosotros para obtener m\u00e1s informaci\u00f3n.<\/p>\t\t\t\t\t\t\t\t<\/div>\n\t\t\t\t<\/div>\n\t\t\t\t\t<\/div>\n\t\t<\/div>\n\t\t\t\t\t<\/div>\n\t\t<\/section>\n\t\t\t\t\t<\/div>\n\t\t<\/div>\n\t\t\t\t<div class=\"elementor-column elementor-col-50 elementor-top-column elementor-element elementor-element-1653e56\" data-id=\"1653e56\" data-element_type=\"column\">\n\t\t\t<div class=\"elementor-widget-wrap elementor-element-populated\">\n\t\t\t\t\t\t<div class=\"elementor-element elementor-element-5695a804 elementor-invisible elementor-widget elementor-widget-image\" data-id=\"5695a804\" data-element_type=\"widget\" data-settings=\"{&quot;_animation&quot;:&quot;fadeIn&quot;}\" data-widget_type=\"image.default\">\n\t\t\t\t<div class=\"elementor-widget-container\">\n\t\t\t\t\t\t\t\t\t\t\t\t\t\t\t<img fetchpriority=\"high\" decoding=\"async\" width=\"832\" height=\"618\" src=\"https:\/\/www.wltravel.net\/wp-content\/uploads\/2021\/05\/about-text-2.png\" class=\"attachment-full size-full wp-image-207\" alt=\"\" srcset=\"https:\/\/www.wltravel.net\/wp-content\/uploads\/2021\/05\/about-text-2.png 832w, https:\/\/www.wltravel.net\/wp-content\/uploads\/2021\/05\/about-text-2-300x223.png 300w, https:\/\/www.wltravel.net\/wp-content\/uploads\/2021\/05\/about-text-2-768x570.png 768w, https:\/\/www.wltravel.net\/wp-content\/uploads\/2021\/05\/about-text-2-16x12.png 16w\" sizes=\"(max-width: 832px) 100vw, 832px\" \/>\t\t\t\t\t\t\t\t\t\t\t\t\t\t\t<\/div>\n\t\t\t\t<\/div>\n\t\t\t\t\t<\/div>\n\t\t<\/div>\n\t\t\t\t\t<\/div>\n\t\t<\/section>\n\t\t\t\t<section class=\"elementor-section elementor-top-section elementor-element elementor-element-1810d74 elementor-section-boxed elementor-section-height-default elementor-section-height-default\" data-id=\"1810d74\" data-element_type=\"section\">\n\t\t\t\t\t\t<div class=\"elementor-container elementor-column-gap-default\">\n\t\t\t\t\t<div class=\"elementor-column elementor-col-100 elementor-top-column elementor-element elementor-element-abf6cbe\" data-id=\"abf6cbe\" data-element_type=\"column\">\n\t\t\t<div class=\"elementor-widget-wrap elementor-element-populated\">\n\t\t\t\t\t\t<section class=\"elementor-section elementor-inner-section elementor-element elementor-element-58a7eab elementor-section-boxed elementor-section-height-default elementor-section-height-default\" data-id=\"58a7eab\" data-element_type=\"section\">\n\t\t\t\t\t\t<div class=\"elementor-container elementor-column-gap-default\">\n\t\t\t\t\t<div class=\"elementor-column elementor-col-50 elementor-inner-column elementor-element elementor-element-0ea7944\" data-id=\"0ea7944\" data-element_type=\"column\" data-settings=\"{&quot;background_background&quot;:&quot;classic&quot;}\">\n\t\t\t<div class=\"elementor-widget-wrap elementor-element-populated\">\n\t\t\t\t\t\t<div class=\"elementor-element elementor-element-4c9ea66 elementor-widget elementor-widget-heading\" data-id=\"4c9ea66\" data-element_type=\"widget\" data-widget_type=\"heading.default\">\n\t\t\t\t<div class=\"elementor-widget-container\">\n\t\t\t\t\t<h2 class=\"elementor-heading-title elementor-size-default\">Misi\u00f3n<\/h2>\t\t\t\t<\/div>\n\t\t\t\t<\/div>\n\t\t\t\t<div class=\"elementor-element elementor-element-1c67ccd elementor-widget elementor-widget-text-editor\" data-id=\"1c67ccd\" data-element_type=\"widget\" data-widget_type=\"text-editor.default\">\n\t\t\t\t<div class=\"elementor-widget-container\">\n\t\t\t\t\t\t\t\t\t<p>Ser la empresa l\u00edder en turismo ofreciendo servicios de calidad para la satisfacci\u00f3n del cliente, obteniendo la mayor rentabilidad y participaci\u00f3n en el mercado para crecer como empresa.<\/p>\t\t\t\t\t\t\t\t<\/div>\n\t\t\t\t<\/div>\n\t\t\t\t\t<\/div>\n\t\t<\/div>\n\t\t\t\t<div class=\"elementor-column elementor-col-50 elementor-inner-column elementor-element elementor-element-0f93cb7\" data-id=\"0f93cb7\" data-element_type=\"column\" data-settings=\"{&quot;background_background&quot;:&quot;classic&quot;}\">\n\t\t\t<div class=\"elementor-widget-wrap elementor-element-populated\">\n\t\t\t\t\t\t<div class=\"elementor-element elementor-element-cec707f elementor-widget elementor-widget-heading\" data-id=\"cec707f\" data-element_type=\"widget\" data-widget_type=\"heading.default\">\n\t\t\t\t<div class=\"elementor-widget-container\">\n\t\t\t\t\t<h2 class=\"elementor-heading-title elementor-size-default\">Vision<\/h2>\t\t\t\t<\/div>\n\t\t\t\t<\/div>\n\t\t\t\t<div class=\"elementor-element elementor-element-7395bc7 elementor-widget elementor-widget-text-editor\" data-id=\"7395bc7\" data-element_type=\"widget\" data-widget_type=\"text-editor.default\">\n\t\t\t\t<div class=\"elementor-widget-container\">\n\t\t\t\t\t\t\t\t\t<p>Permanecer como l\u00edderes en el sector tur\u00edstico, basados en un grupo humano cohesionado, formado y orientado al servicio, centrado en el cliente dentro de un entorno de constante innovaci\u00f3n, dinamismo, rentabilidad y competitividad.<\/p>\t\t\t\t\t\t\t\t<\/div>\n\t\t\t\t<\/div>\n\t\t\t\t\t<\/div>\n\t\t<\/div>\n\t\t\t\t\t<\/div>\n\t\t<\/section>\n\t\t\t\t\t<\/div>\n\t\t<\/div>\n\t\t\t\t\t<\/div>\n\t\t<\/section>\n\t\t\t\t<\/div>","protected":false},"excerpt":{"rendered":"<p>About Us Wanderlust Travel Is a Viajes Anita Company. We take pride in leading tourism companies, both in the sale of airfares and national and international programs. We have over 40 years experience. Our company is committed to providing the best customer service. We will give you the best information to decide route where to [&hellip;]<\/p>","protected":false},"author":1,"featured_media":0,"parent":0,"menu_order":0,"comment_status":"closed","ping_status":"closed","template":"","meta":{"footnotes":""},"class_list":["post-62","page","type-page","status-publish","hentry"],"_links":{"self":[{"href":"https:\/\/www.wltravel.net\/es\/wp-json\/wp\/v2\/pages\/62","targetHints":{"allow":["GET"]}}],"collection":[{"href":"https:\/\/www.wltravel.net\/es\/wp-json\/wp\/v2\/pages"}],"about":[{"href":"https:\/\/www.wltravel.net\/es\/wp-json\/wp\/v2\/types\/page"}],"author":[{"embeddable":true,"href":"https:\/\/www.wltravel.net\/es\/wp-json\/wp\/v2\/users\/1"}],"replies":[{"embeddable":true,"href":"https:\/\/www.wltravel.net\/es\/wp-json\/wp\/v2\/comments?post=62"}],"version-history":[{"count":31,"href":"https:\/\/www.wltravel.net\/es\/wp-json\/wp\/v2\/pages\/62\/revisions"}],"predecessor-version":[{"id":305,"href":"https:\/\/www.wltravel.net\/es\/wp-json\/wp\/v2\/pages\/62\/revisions\/305"}],"wp:attachment":[{"href":"https:\/\/www.wltravel.net\/es\/wp-json\/wp\/v2\/media?parent=62"}],"curies":[{"name":"wp","href":"https:\/\/api.w.org\/{rel}","templated":true}]}}