{"id":3,"date":"2021-05-23T13:50:12","date_gmt":"2021-05-23T19:50:12","guid":{"rendered":"https:\/\/www.wltravel.net\/?page_id=3"},"modified":"2021-05-23T23:17:00","modified_gmt":"2021-05-24T05:17:00","slug":"terms-and-conditions","status":"publish","type":"page","link":"https:\/\/www.wltravel.net\/es\/terms-and-conditions\/","title":{"rendered":"T\u00e9rminos y condiciones"},"content":{"rendered":"<div data-elementor-type=\"wp-page\" data-elementor-id=\"3\" class=\"elementor elementor-3\" data-elementor-post-type=\"page\">\n\t\t\t\t\t\t<section class=\"elementor-section elementor-top-section elementor-element elementor-element-7466855 elementor-section-boxed elementor-section-height-default elementor-section-height-default\" data-id=\"7466855\" data-element_type=\"section\" data-settings=\"{&quot;background_background&quot;:&quot;classic&quot;}\">\n\t\t\t\t\t\t<div class=\"elementor-container elementor-column-gap-default\">\n\t\t\t\t\t<div class=\"elementor-column elementor-col-100 elementor-top-column elementor-element elementor-element-e491d36\" data-id=\"e491d36\" data-element_type=\"column\">\n\t\t\t<div class=\"elementor-widget-wrap elementor-element-populated\">\n\t\t\t\t\t\t<div class=\"elementor-element elementor-element-dd11e4c elementor-widget elementor-widget-heading\" data-id=\"dd11e4c\" data-element_type=\"widget\" data-widget_type=\"heading.default\">\n\t\t\t\t<div class=\"elementor-widget-container\">\n\t\t\t\t\t<h1 class=\"elementor-heading-title elementor-size-default\">Terms &amp; conditions<\/h1>\t\t\t\t<\/div>\n\t\t\t\t<\/div>\n\t\t\t\t\t<\/div>\n\t\t<\/div>\n\t\t\t\t\t<\/div>\n\t\t<\/section>\n\t\t\t\t<section class=\"elementor-section elementor-top-section elementor-element elementor-element-5d2b6309 elementor-section-boxed elementor-section-height-default elementor-section-height-default\" data-id=\"5d2b6309\" data-element_type=\"section\">\n\t\t\t\t\t\t<div class=\"elementor-container elementor-column-gap-default\">\n\t\t\t\t\t<div class=\"elementor-column elementor-col-100 elementor-top-column elementor-element elementor-element-280f1023\" data-id=\"280f1023\" data-element_type=\"column\">\n\t\t\t<div class=\"elementor-widget-wrap elementor-element-populated\">\n\t\t\t\t\t\t<div class=\"elementor-element elementor-element-60d9be26 elementor-widget elementor-widget-text-editor\" data-id=\"60d9be26\" data-element_type=\"widget\" data-widget_type=\"text-editor.default\">\n\t\t\t\t<div class=\"elementor-widget-container\">\n\t\t\t\t\t\t\t\t\t<p>Bienvenido a Wanderlust Travel. Este sitio web se ofrece como un servicio a nuestros clientes. Por favor, revise las siguientes normas b\u00e1sicas que rigen el uso de nuestro sitio web (el \"Acuerdo\"). Tenga en cuenta que el uso de nuestro sitio web constituye su acuerdo incondicional de seguir y estar obligado por estos T\u00e9rminos y Condiciones. Aunque usted puede \"marcar\" una parte concreta de este sitio web y, por tanto, eludir este Acuerdo, su uso de este sitio web le obliga a cumplir los t\u00e9rminos. Wanderlust Travel (Wanderlust Travel) se reserva el derecho de actualizar o modificar estos T\u00e9rminos y Condiciones en cualquier momento sin previo aviso. Su uso del Sitio Web de Wanderlust Travel despu\u00e9s de cualquier cambio constituye su acuerdo incondicional de seguir y ser encontrado por los T\u00e9rminos y Condiciones tal y como fueron cambiados. Por esta raz\u00f3n, le recomendamos que revise estos T\u00e9rminos y Condiciones cada vez que utilice este sitio web.<\/p>\r\n<p>&nbsp;<\/p>\r\n<p><strong>Derechos de autor y marcas<\/strong><\/p>\r\n<p>A menos que se indique lo contrario, todos los materiales, incluyendo im\u00e1genes, textos, ilustraciones, dise\u00f1os, iconos, fotograf\u00edas, programas, videoclips, y materiales escritos y de otro tipo que forman parte de este Sitio Web (colectivamente, los \"Contenidos\") son derechos de autor, marcas registradas, y \/ o otra propiedad intelectual de propiedad, controlada o licenciada por Wanderlust Travel, uno de sus afiliados o por terceros que han licenciado sus materiales a Wanderlust Travel y est\u00e1n protegidos por las leyes canadienses e internacionales de derechos de autor. La compilaci\u00f3n (es decir, la recopilaci\u00f3n, disposici\u00f3n y montaje) de todo el contenido de este sitio web es propiedad exclusiva de Wanderlust Travel y tambi\u00e9n est\u00e1 protegida por las leyes internacionales de derechos de autor.<\/p>\r\n<p>&nbsp;<\/p>\r\n<p>Wanderlust Travel y sus proveedores y licenciatarios se reservan expresamente todos los derechos de propiedad intelectual de todos los textos, programas, productos, procesos, tecnolog\u00eda, contenidos y otros materiales que aparecen en este sitio web. El acceso a este sitio web no confiere ni se considerar\u00e1 que confiere a nadie ninguna licencia bajo ninguno de los derechos de propiedad intelectual de Wanderlust Travel o de terceros.<\/p>\r\n<p>&nbsp;<\/p>\r\n<p>Los nombres y logotipos de Wanderlust Travel y todos los nombres de servicios de productos relacionados, marcas de dise\u00f1o y esl\u00f3ganes son marcas comerciales o marcas de servicio de Wanderlust Travel. Todas las dem\u00e1s marcas son propiedad de sus respectivas empresas. No se concede ninguna licencia de marca comercial o de servicio en relaci\u00f3n con los materiales contenidos en este sitio web. El acceso a este sitio web no autoriza a nadie a utilizar ning\u00fan nombre, logotipo o marca de ninguna manera.<\/p>\r\n<p>&nbsp;<\/p>\r\n<p>Las referencias en el sitio web a cualquier nombre, marca, producto o servicio de terceros o los enlaces de hipertexto a sitios o informaci\u00f3n de terceros se proporcionan \u00fanicamente para su comodidad y no constituyen ni implican en modo alguno la aprobaci\u00f3n, el patrocinio o la recomendaci\u00f3n por parte de Wanderlust Travel de la tercera parte, informaci\u00f3n, producto o servicio. Wanderlust Travel no es responsable del contenido de los sitios de terceros y no hace ninguna declaraci\u00f3n sobre el contenido o la exactitud del material de dichos sitios. Si usted decide enlazar con cualquiera de estos sitios web de terceros, lo hace bajo su propia responsabilidad.<\/p>\r\n<p>&nbsp;<\/p>\r\n<p><strong>Uso de este sitio<\/strong><\/p>\r\n<p>Este sitio web y todos sus contenidos est\u00e1n destinados exclusivamente a un uso personal y no comercial. Puede descargar o copiar los contenidos y otros materiales descargables que aparecen en el sitio web \u00fanicamente para su uso personal. No se le transfiere ning\u00fan derecho, t\u00edtulo o inter\u00e9s en ning\u00fan material o software descargado debido a dicha descarga o copia. Usted no puede reproducir (salvo lo indicado anteriormente), publicar, transmitir, distribuir, mostrar, modificar, crear obras derivadas, vender o participar en cualquier venta o explotar de cualquier manera, en su totalidad o en parte, cualquiera de los contenidos, el sitio web o cualquier software relacionado. Todo el software utilizado en este sitio web es propiedad de Wanderlust Travel o de sus proveedores y est\u00e1 protegido por las leyes internacionales de derechos de autor. El contenido y el software de este sitio web s\u00f3lo pueden utilizarse como recurso de viaje. Cualquier otro uso, incluyendo la reproducci\u00f3n, modificaci\u00f3n, distribuci\u00f3n, transmisi\u00f3n, republicaci\u00f3n, exhibici\u00f3n o ejecuci\u00f3n, del contenido de este sitio, est\u00e1 estrictamente prohibido.<\/p>\r\n<p>&nbsp;<\/p>\r\n<p><strong>Seguridad del sitio<\/strong><\/p>\r\n<p>Se proh\u00edbe a los usuarios violar o intentar violar la seguridad del Sitio Web, incluyendo, sin limitaci\u00f3n, (a) acceder a datos no destinados a dichos usuarios o entrar en un servidor o una cuenta a la que el usuario no est\u00e1 autorizado a acceder; (b) intentar sondear, escanear o probar la vulnerabilidad de un sistema o red o violar las medidas de seguridad o autenticaci\u00f3n sin la debida autorizaci\u00f3n; (c) intentar interferir en el servicio de cualquier usuario, host o red, incluyendo, sin limitaci\u00f3n, el env\u00edo de un virus al sitio web, la sobrecarga, el \"flooding\", el \"spamming\", el \"mailbombing\" o el \"crashing\"; (d) el env\u00edo de correo electr\u00f3nico no solicitado, incluyendo promociones y\/o publicidad de productos o servicios; o (e) la falsificaci\u00f3n de cualquier cabecera de paquete TCP\/IP o de cualquier parte de la informaci\u00f3n de la cabecera en mi correo electr\u00f3nico o publicaci\u00f3n en un grupo de noticias. Las violaciones de la seguridad del sistema o de la red pueden dar lugar a responsabilidad civil o penal. Wanderlust Travel investigar\u00e1 los sucesos que puedan implicar violaciones y cooperar\u00e1 con las autoridades policiales en la persecuci\u00f3n de los usuarios que se encuentren en dichas violaciones. Usted se compromete a no utilizar ning\u00fan dispositivo, software o rutina para interferir o intentar interferir con el correcto funcionamiento o cualquier actividad que se lleve a cabo en este sitio web. Asimismo, acepta no utilizar ni intentar utilizar ning\u00fan motor, software, herramienta, agente u otro dispositivo o mecanismo (incluidos, entre otros, navegadores, ara\u00f1as, robots, avatares o agentes inteligentes) para navegar o realizar b\u00fasquedas en este sitio web que no sean el motor de b\u00fasqueda y los agentes de b\u00fasqueda disponibles en la empresa en este sitio web y los navegadores web de terceros generalmente disponibles (por ejemplo, Google Chrome, Mozilla).<\/p>\r\n<p>&nbsp;<\/p>\r\n<p><strong>General<\/strong><\/p>\r\n<p>Este Acuerdo representa el acuerdo completo entre las partes y sustituye todos los acuerdos y representaciones anteriores entre ellas. Supone. Puede que cualquier disposici\u00f3n de este Acuerdo se considere inaplicable por cualquier motivo. En ese caso, dicha disposici\u00f3n se reformar\u00e1 s\u00f3lo en la medida necesaria para hacerla ejecutable, y los dem\u00e1s t\u00e9rminos de este Acuerdo permanecer\u00e1n en plena vigencia. El hecho de que la Empresa no act\u00fae en relaci\u00f3n con un incumplimiento del presente Acuerdo por parte de usted o de otros no constituye una renuncia y no limitar\u00e1 los derechos de la Empresa con respecto a dicho incumplimiento o a cualquier otro posterior.<\/p>\r\n<p>&nbsp;<\/p>\r\n<p>&nbsp;<\/p>\r\n<p><strong>Indemnizaci\u00f3n<\/strong><\/p>\r\n<p>Usted se compromete a defender, indemnizar y eximir a Wanderlust Travel de cualquier reclamaci\u00f3n, da\u00f1o, coste y gasto, incluyendo los honorarios de los abogados, que surjan o est\u00e9n relacionados con su uso del Sitio Web.<\/p>\r\n<p>&nbsp;<\/p>\r\n<p><strong>Terminaci\u00f3n<\/strong><\/p>\r\n<p>Estos t\u00e9rminos son pr\u00e1cticos a menos que y hasta que sean terminados por usted o por Wanderlust Travel. Usted puede rescindir este Acuerdo en cualquier momento, siempre que deje de utilizar este Sitio Web. Wanderlust Travel tambi\u00e9n puede rescindir este Acuerdo en cualquier momento y puede hacerlo inmediatamente sin previo aviso, y en consecuencia negarle el acceso al Sitio Web, si a la sola discreci\u00f3n de Wanderlust Travel usted no cumple con cualquier t\u00e9rmino o disposici\u00f3n de este Acuerdo. Tras la rescisi\u00f3n del Acuerdo por parte de usted o de Wanderlust Travel, usted deber\u00e1 destruir inmediatamente todos los materiales descargados u obtenidos de otro modo de este Sitio Web, as\u00ed como todas las copias de dichos materiales, ya sean realizadas en virtud de las condiciones de uso o de otro modo.<\/p>\r\n<p>&nbsp;<\/p>\r\n<p><strong>Descargo de responsabilidad<\/strong><\/p>\r\n<p>Este sitio web es proporcionado por Wanderlust Travel \"tal cual\" y \"seg\u00fan disponibilidad\". Wanderlust Travel no hace representaciones o garant\u00edas de ning\u00fan tipo, expresas o impl\u00edcitas, en cuanto al funcionamiento del sitio o la informaci\u00f3n, contenido, materiales o productos incluidos en este sitio web. Wanderlust Travel renuncia a todas las garant\u00edas, expresas o impl\u00edcitas, incluyendo, pero sin limitarse a, las garant\u00edas impl\u00edcitas de desarrollo y adecuaci\u00f3n a un prop\u00f3sito particular en la medida en que lo permita la ley aplicable. Sin limitar lo anterior, Wanderlust Travel rechaza cualquier garant\u00eda, expresa o impl\u00edcita, para cualquier producto ofrecido en este sitio web. Usted reconoce que su uso del sitio web es bajo su propio riesgo. Este descargo de responsabilidad constituye una parte esencial de este Acuerdo.<\/p>\r\n<p>&nbsp;<\/p>\r\n<p><strong>Limitaci\u00f3n de la responsabilidad<\/strong><\/p>\r\n<p>Bajo ninguna circunstancia y en ninguna teor\u00eda legal o de equidad, ya sea por agravio, contrato, responsabilidad estricta o de otro tipo, Wanderlust Travel o cualquiera de sus empleados, directores, funcionarios, agentes, vendedores o proveedores ser\u00e1n responsables ante usted o cualquier otra persona por cualquier p\u00e9rdida o da\u00f1o indirecto, especial incidental o consecuente de cualquier naturaleza que surja de o en conexi\u00f3n con el uso o la imposibilidad de usar el sitio web de Wanderlust Travel, incluyendo, sin limitaci\u00f3n, da\u00f1os por p\u00e9rdida de beneficios, p\u00e9rdida de fondo de comercio, p\u00e9rdida de datos, interrupci\u00f3n del trabajo, la exactitud de los resultados, o fallos o mal funcionamiento del ordenador, incluso si un representante autorizado de Wanderlust Travel ha sido advertido o deber\u00eda haber conocido la posibilidad de tales da\u00f1os. En ning\u00fan caso Wanderlust Travel ser\u00e1 responsable de cualquier da\u00f1o que supere las tarifas pagadas por usted en relaci\u00f3n con su uso del sitio durante los seis meses anteriores a la fecha en que se produjo la reclamaci\u00f3n.<\/p>\t\t\t\t\t\t\t\t<\/div>\n\t\t\t\t<\/div>\n\t\t\t\t\t<\/div>\n\t\t<\/div>\n\t\t\t\t\t<\/div>\n\t\t<\/section>\n\t\t\t\t<\/div>","protected":false},"excerpt":{"rendered":"<p>Terms &#038; conditions Welcome to Wanderlust Travel. This Website is provided as a service to our customers. Please review the following basic rules that govern your use of our Website (the &#8220;Agreement&#8221;). Please note that your use of our Website constitutes your unconditional agreement to follow and be bound by these Terms and Conditions. Although [&hellip;]<\/p>","protected":false},"author":1,"featured_media":0,"parent":0,"menu_order":0,"comment_status":"closed","ping_status":"closed","template":"","meta":{"footnotes":""},"class_list":["post-3","page","type-page","status-publish","hentry"],"_links":{"self":[{"href":"https:\/\/www.wltravel.net\/es\/wp-json\/wp\/v2\/pages\/3","targetHints":{"allow":["GET"]}}],"collection":[{"href":"https:\/\/www.wltravel.net\/es\/wp-json\/wp\/v2\/pages"}],"about":[{"href":"https:\/\/www.wltravel.net\/es\/wp-json\/wp\/v2\/types\/page"}],"author":[{"embeddable":true,"href":"https:\/\/www.wltravel.net\/es\/wp-json\/wp\/v2\/users\/1"}],"replies":[{"embeddable":true,"href":"https:\/\/www.wltravel.net\/es\/wp-json\/wp\/v2\/comments?post=3"}],"version-history":[{"count":5,"href":"https:\/\/www.wltravel.net\/es\/wp-json\/wp\/v2\/pages\/3\/revisions"}],"predecessor-version":[{"id":293,"href":"https:\/\/www.wltravel.net\/es\/wp-json\/wp\/v2\/pages\/3\/revisions\/293"}],"wp:attachment":[{"href":"https:\/\/www.wltravel.net\/es\/wp-json\/wp\/v2\/media?parent=3"}],"curies":[{"name":"wp","href":"https:\/\/api.w.org\/{rel}","templated":true}]}}